{"id":60,"date":"2022-10-04T18:34:14","date_gmt":"2022-10-04T16:34:14","guid":{"rendered":"http:\/\/wzzpgwios.pl\/?page_id=60"},"modified":"2023-12-05T08:57:54","modified_gmt":"2023-12-05T07:57:54","slug":"struktura","status":"publish","type":"page","link":"https:\/\/wzzpgwios.pl\/?page_id=60","title":{"rendered":"Struktura"},"content":{"rendered":"\n<p class=\"has-medium-font-size\"><strong>Prezydium Zarz\u0105du krajowego W.Z.Z.<\/strong><\/p>\n\n\n\n<figure class=\"wp-block-table\"><table><tbody><tr><td colspan=\"4\"><strong>Sk\u0142ad Prezydium Zarz\u0105du Krajowego WZZPGWiO\u015a<\/strong><strong><\/strong><\/td><\/tr><tr><td><strong>Imi\u0119<\/strong><strong><\/strong> <strong>i nazwisko<\/strong><strong><\/strong><\/td><td><strong>Funkcja<\/strong><strong><\/strong><\/td><td><strong>Oddzia\u0142<\/strong><strong><\/strong><\/td><td><strong>Tel. kontaktowy<\/strong><strong><\/strong><\/td><\/tr><tr><td><strong>Robert<\/strong> <br><strong>Eiding<\/strong><\/td><td>Przewodnicz\u0105cy<\/td><td>Szczecin<\/td><td>501&nbsp;149 498<\/td><\/tr><tr><td><strong>Andrzej Juszkiewicz<\/strong><\/td><td>Wiceprzewodnicz\u0105cy<\/td><td>E\u0142k<\/td><td>696&nbsp;577 679<\/td><\/tr><tr><td><strong>Tomasz Gromadzki<\/strong><\/td><td>Sekretarz<\/td><td>Warszawa<\/td><td>693&nbsp;417 778<\/td><\/tr><tr><td><strong>Sylwia <\/strong><br><strong>Gawlik<\/strong><\/td><td>Skarbnik<\/td><td>Warszawa<\/td><td>607&nbsp;204 765<\/td><\/tr><tr><td><strong>Maciej Nowikowski<\/strong><\/td><td>Cz\u0142onek<\/td><td>Suwa\u0142ki<\/td><td>511&nbsp;699 388<\/td><\/tr><tr><td colspan=\"4\">adres e-mail Prezydium Zarz\u0105du Krajowego:<br><strong> prezydiumwzzpgwios@gmail.com<\/strong> \u00a0\u00a0\u00a0 <strong>\u00a0\u00a0\u00a0\u00a0\u00a0\u00a0\u00a0\u00a0<\/strong> \u00a0<\/td><\/tr><\/tbody><\/table><\/figure>\n\n\n\n<p><\/p>\n\n\n\n<div style=\"height:29px\" aria-hidden=\"true\" class=\"wp-block-spacer\"><\/div>\n\n\n\n<p class=\"has-medium-font-size\"><strong>G\u0142\u00f3wna Komisja Rewizyjna<\/strong> <\/p>\n\n\n\n<figure class=\"wp-block-table\"><table><tbody><tr><td colspan=\"4\"><strong>Sk\u0142ad G\u0142\u00f3wnej Komisji Rewizyjnej WZZPGWiO\u015a<\/strong><strong><\/strong><\/td><\/tr><tr><td><strong>Imi\u0119<\/strong><strong><\/strong> <strong>i nazwisko<\/strong><strong><\/strong><\/td><td><strong>Funkcja<\/strong><strong><\/strong><\/td><td><strong>Oddzia\u0142<\/strong><strong><\/strong><\/td><td><strong>Tel. kontaktowy<\/strong><strong><\/strong><\/td><\/tr><tr><td><strong>Dorota<\/strong> <br><strong>Ku\u0142ak<\/strong><\/td><td>Przewodnicz\u0105ca<\/td><td>Suwa\u0142ki<\/td><td>509&nbsp;861 200<\/td><\/tr><tr><td><strong>Kszysztof Hewusz<\/strong><\/td><td>Wiceprzewodnicz\u0105cy<\/td><td>Gdynia<\/td><td>510&nbsp;696 122<\/td><\/tr><tr><td><strong>Dariusz <\/strong><br><strong>Burniak<\/strong><\/td><td>Sekretarz<\/td><td>Gryfino<\/td><td>607&nbsp;802 545<\/td><\/tr><tr><td colspan=\"4\">adres e-mail G\u0142\u00f3wnej Komisji Rewizyjnej:<strong> \u00a0\u00a0\u00a0\u00a0\u00a0<\/strong><br><strong>gkr.wzzpgwios@gmail.com<\/strong> <strong>\u00a0<\/strong><\/td><\/tr><\/tbody><\/table><\/figure>\n\n\n\n<p><\/p>\n","protected":false},"excerpt":{"rendered":"<p>Prezydium Zarz\u0105du krajowego W.Z.Z. Sk\u0142ad Prezydium Zarz\u0105du Krajowego WZZPGWiO\u015a Imi\u0119 i nazwisko Funkcja Oddzia\u0142 Tel. kontaktowy Robert Eiding Przewodnicz\u0105cy Szczecin 501&nbsp;149 498 Andrzej Juszkiewicz Wiceprzewodnicz\u0105cy E\u0142k 696&nbsp;577 679 Tomasz Gromadzki Sekretarz Warszawa 693&nbsp;417 778 Sylwia Gawlik Skarbnik Warszawa 607&nbsp;204 765 Maciej Nowikowski Cz\u0142onek Suwa\u0142ki 511&nbsp;699 388 adres e-mail Prezydium Zarz\u0105du Krajowego: prezydiumwzzpgwios@gmail.com \u00a0\u00a0\u00a0 \u00a0\u00a0\u00a0\u00a0\u00a0\u00a0\u00a0\u00a0 \u00a0&#8230;<\/p>\n","protected":false},"author":1,"featured_media":0,"parent":0,"menu_order":0,"comment_status":"closed","ping_status":"closed","template":"onecolumn-page.php","meta":{"footnotes":""},"class_list":["post-60","page","type-page","status-publish","hentry"],"_links":{"self":[{"href":"https:\/\/wzzpgwios.pl\/index.php?rest_route=\/wp\/v2\/pages\/60","targetHints":{"allow":["GET"]}}],"collection":[{"href":"https:\/\/wzzpgwios.pl\/index.php?rest_route=\/wp\/v2\/pages"}],"about":[{"href":"https:\/\/wzzpgwios.pl\/index.php?rest_route=\/wp\/v2\/types\/page"}],"author":[{"embeddable":true,"href":"https:\/\/wzzpgwios.pl\/index.php?rest_route=\/wp\/v2\/users\/1"}],"replies":[{"embeddable":true,"href":"https:\/\/wzzpgwios.pl\/index.php?rest_route=%2Fwp%2Fv2%2Fcomments&post=60"}],"version-history":[{"count":14,"href":"https:\/\/wzzpgwios.pl\/index.php?rest_route=\/wp\/v2\/pages\/60\/revisions"}],"predecessor-version":[{"id":272,"href":"https:\/\/wzzpgwios.pl\/index.php?rest_route=\/wp\/v2\/pages\/60\/revisions\/272"}],"wp:attachment":[{"href":"https:\/\/wzzpgwios.pl\/index.php?rest_route=%2Fwp%2Fv2%2Fmedia&parent=60"}],"curies":[{"name":"wp","href":"https:\/\/api.w.org\/{rel}","templated":true}]}}