{"id":29,"date":"2022-10-04T11:47:32","date_gmt":"2022-10-04T09:47:32","guid":{"rendered":"http:\/\/wzzpgwios.pl\/?page_id=29"},"modified":"2025-03-07T12:00:46","modified_gmt":"2025-03-07T11:00:46","slug":"kontakt","status":"publish","type":"page","link":"https:\/\/wzzpgwios.pl\/?page_id=29","title":{"rendered":"Kontakt"},"content":{"rendered":"\n<p>ZARZ\u0104D KRAJOWY<\/p>\n\n\n\n<p>Wolne Zwi\u0105zki Zawodowe Pracownik\u00f3w Gospodarki Wodnej i Ochrony \u015arodowiska<\/p>\n\n\n\n<p>02-015 WARSZAWA,&nbsp;&nbsp; Pl. Starynkiewicza&nbsp; 5<\/p>\n\n\n\n<p>NIP 526-27-55-191&nbsp; Regon 012014725 Numer KRS: 0000188396<\/p>\n\n\n\n<p>ADRES DO KORESPONDENCJI:<\/p>\n\n\n\n<p>ZWiK Sp. z o. o . ul.<\/p>\n\n\n\n<p>M Golisza 10 ,&nbsp; 71-682 Szczecin.&nbsp;<\/p>\n\n\n\n<br>\n\n\n\n<h2 class=\"wp-block-heading has-medium-font-size\" style=\"font-style:normal;font-weight:400\"><strong><strong>Media spo\u0142eczno\u015bciowe<\/strong><\/strong><\/h2>\n\n\n\n<a href=\"https:\/\/www.facebook.com\/profile.php?id=61559515070169\"> <img decoding=\"async\" src=\"https:\/\/wzzpgwios.pl\/wp-content\/uploads\/2022\/10\/facebook1-Copy.png\"><\/a>\n\n\n\n<a href=\"http:\/\/fzz.org.pl\/\"> <img decoding=\"async\" src=\"https:\/\/wzzpgwios.pl\/wp-content\/uploads\/2022\/10\/fzz-Copy.png\"><\/a>\n\n\n\n<h2 class=\"wp-block-heading\"><\/h2>\n\n\n\n<br><br>\n\n\n\n<p><\/p>\n\n\n\n<p class=\"has-medium-font-size\"><strong>Dojazd<\/strong><\/p>\n\n\n\n<iframe src=\"https:\/\/www.google.com\/maps\/embed?pb=!1m18!1m12!1m3!1d2375.667626429075!2d14.570955699999999!3d53.4565275!2m3!1f0!2f0!3f0!3m2!1i1024!2i768!4f13.1!3m3!1m2!1s0x47aa0bd841b7f72f%3A0x34e82c35353f9dcd!2sMaksymiliana%20Golisza%2010%2C%2071-682%20Szczecin!5e0!3m2!1spl!2spl!4v1701762627882!5m2!1spl!2spl\" width=\"400\" height=\"300\" style=\"border:0;\" allowfullscreen=\"\" loading=\"lazy\" referrerpolicy=\"no-referrer-when-downgrade\"><\/iframe>\n","protected":false},"excerpt":{"rendered":"<p>ZARZ\u0104D KRAJOWY Wolne Zwi\u0105zki Zawodowe Pracownik\u00f3w Gospodarki Wodnej i Ochrony \u015arodowiska 02-015 WARSZAWA,&nbsp;&nbsp; Pl. Starynkiewicza&nbsp; 5 NIP 526-27-55-191&nbsp; Regon 012014725 Numer KRS: 0000188396 ADRES DO KORESPONDENCJI: ZWiK Sp. z o. o . ul. M Golisza 10 ,&nbsp; 71-682 Szczecin.&nbsp; Media spo\u0142eczno\u015bciowe Dojazd<\/p>\n","protected":false},"author":1,"featured_media":0,"parent":0,"menu_order":0,"comment_status":"closed","ping_status":"closed","template":"","meta":{"footnotes":""},"class_list":["post-29","page","type-page","status-publish","hentry"],"_links":{"self":[{"href":"https:\/\/wzzpgwios.pl\/index.php?rest_route=\/wp\/v2\/pages\/29","targetHints":{"allow":["GET"]}}],"collection":[{"href":"https:\/\/wzzpgwios.pl\/index.php?rest_route=\/wp\/v2\/pages"}],"about":[{"href":"https:\/\/wzzpgwios.pl\/index.php?rest_route=\/wp\/v2\/types\/page"}],"author":[{"embeddable":true,"href":"https:\/\/wzzpgwios.pl\/index.php?rest_route=\/wp\/v2\/users\/1"}],"replies":[{"embeddable":true,"href":"https:\/\/wzzpgwios.pl\/index.php?rest_route=%2Fwp%2Fv2%2Fcomments&post=29"}],"version-history":[{"count":11,"href":"https:\/\/wzzpgwios.pl\/index.php?rest_route=\/wp\/v2\/pages\/29\/revisions"}],"predecessor-version":[{"id":302,"href":"https:\/\/wzzpgwios.pl\/index.php?rest_route=\/wp\/v2\/pages\/29\/revisions\/302"}],"wp:attachment":[{"href":"https:\/\/wzzpgwios.pl\/index.php?rest_route=%2Fwp%2Fv2%2Fmedia&parent=29"}],"curies":[{"name":"wp","href":"https:\/\/api.w.org\/{rel}","templated":true}]}}