{"id":26,"date":"2022-10-04T11:47:32","date_gmt":"2022-10-04T09:47:32","guid":{"rendered":"http:\/\/wzzpgwios.pl\/?page_id=26"},"modified":"2025-10-19T11:27:19","modified_gmt":"2025-10-19T09:27:19","slug":"o-nas","status":"publish","type":"page","link":"https:\/\/wzzpgwios.pl\/?page_id=26","title":{"rendered":"O nas"},"content":{"rendered":"\n<div class=\"wp-block-columns is-layout-flex wp-container-core-columns-is-layout-9d6595d7 wp-block-columns-is-layout-flex\">\n<div class=\"wp-block-column is-layout-flow wp-block-column-is-layout-flow\"><\/div>\n<\/div>\n\n\n\n<p><strong>HISTORIA POWSTANIA WOLNEGO ZWI\u0104ZKU ZAWODOWEGO PRACOWNIK\u00d3W GOSPODARKI WODNEJ I OCHRONY \u015aRODOWISKA (WZZPGWiO\u015a).<\/strong><\/p>\n\n\n<p>W czerwcu 1990 roku zwi\u0105zki zawodowe reprezentuj\u0105ce pracownik\u00f3w firm wodoci\u0105gowych, kanalizacyjnych i komunalnych wyst\u0105pi\u0142y z Og\u00f3lnopolskiej Federacji Zwi\u0105zk\u00f3w Zawodowych zrzeszonej w OPZZ i postanowi\u0142y utworzy\u0107 apolityczn\u0105 og\u00f3lnokrajow\u0105 organizacj\u0119 zwi\u0105zkow\u0105 w sferze gospodarki wodnej i ochrony \u015brodowiska.<\/p>\n<p>Na zebraniu Grup Za\u0142o\u017cycielskich w dniu 11 grudnia 1990 r. wybrano Komitet Za\u0142o\u017cycielski w osobach : Waldemar Rudziosz, Tadeusz Cohla i Stefania \u015awiderka.<\/p>\n<p>Komitet Za\u0142o\u017cycielski z\u0142o\u017cy\u0142 dokumenty w Wojew\u00f3dzkim S\u0105dzie w Warszawie potrzebne do rejestracji Wolnego Zwi\u0105zku Zawodowego Pracownik\u00f3w Gospodarki Wodnej i Ochrony \u015arodowiska o zasi\u0119gu krajowym z siedzib\u0105 w Warszawie. Podstaw\u0105 nowopowsta\u0142ej organizacji w sferze gospodarki wodnej , komunalnej i ochrony \u015brodowiska jest Statut.<\/p>\n<p>W dniu 4 stycznia 1991r. S\u0105d Wojew\u00f3dzki w Warszawie VII Wydzia\u0142 Cywilny i Rejestrowy wyda\u0142 postanowienie o zarejestrowaniu Wolnego Zwi\u0105zku Zawodowego PGWiO\u015a o zasi\u0119gu krajowym w KRS pod nr. RZZ\u201dB\u201d poz.181.<\/p>\n<p>Na I Zje\u017adzie Delegat\u00f3w WZZPGWiO\u015a, kt\u00f3ry odby\u0142 si\u0119 na pocz\u0105tku 1992r zosta\u0142y wybrane pierwsze w\u0142adze. Na przewodnicz\u0105cego zosta\u0142 wybrany Tadeusz Cohla a w sk\u0142ad Prezydium weszli: Sergiusz Dro\u0144, Barbara Wronka, Krzysztof Kossarzewski i Zbigniew R\u00f3\u017cniczki.<\/p>\n<p>Wolny Zwi\u0105zek Zawodowy Pracownik\u00f3w Gospodarki Wodnej i Ochrony \u015arodowiska sk\u0142ada\u0142 si\u0119 z 33 Oddzia\u0142\u00f3w oraz 2 Region\u00f3w: Podlaskiego i Warmi\u0144sko-Mazurskiego. II Krajowy Zjazd Delegat\u00f3w odby\u0142 si\u0119 w marcu 1996 r. na kt\u00f3rym wybrano nowe w\u0142adze: przewodnicz\u0105c\u0105 zosta\u0142a<\/p>\n<p>Barbara Wronka a cz\u0142onkami Prezydium zostali: Jerzy Krzywnicki,Jan Maciaszczyk,Jerzy kury\u015b i Kazimierz Nawrot. Sta\u0142\u0105 baz\u0105 posiedze\u0144 Prezydium i Zarz\u0105du Krajowego by\u0142a miejscowo\u015b\u0107<\/p>\n<p>Wieliszew po\u0142o\u017cona nad Zalewem Zegrzy\u0144skim. Podczas trwania kadencji cz\u0142onkowie<\/p>\n<p>Prezydium interweniowali w Oddziale Bia\u0142ystok, gdzie zaostrzy\u0142 si\u0119 sp\u00f3r z pracodawc\u0105 w kwestii kontrowersyjnych przesuni\u0119\u0107 stanowiskowych.<\/p>\n<p>III Krajowy Zjazd Delegat\u00f3w WZZPGWiO\u015a odby\u0142 si\u0119 16.06.2000r. na kt\u00f3rym wybrano nowe w\u0142adze : przewodnicz\u0105c\u0105 zosta\u0142a kolejny raz Barbara Wronka a cz\u0142onkami Prezydium zostali : Jerzy Krzywnicki,Jerzy Kury\u015b,Kazimierz Nawrot,Zenon Bosiacki,Andrzej Binkiewicz i<\/p>\n<p>Mieczys\u0142aw Jakowczyk Wolny Zwi\u0105zek Zawodowy Pracownik\u00f3w Gospodarki Wodnej i Ochrony \u015arodowiska pod przewodnictwem Barbary Wronki by\u0142 jedn\u0105 z pierwszych organizacji zwi\u0105zkowych uczestnicz\u0105cych w tworzeniu i za\u0142o\u017ceniu nowej Centrali Zwi\u0105zkowej reprezentatywnej pod nazw\u0105 Forum Zwi\u0105zk\u00f3w Zawodowych.<\/p>\n<p>\u00a0Idea utworzenia Forum ZZ zrodzi\u0142a si\u0119 podczas spotkania w Bydgoszczy w czerwcu 2001r, w kt\u00f3rym bra\u0142a udzia\u0142 przewodnicz\u0105ca WZZPGWiO\u015a Barbara Wronka. W maju 2002 r. na I Zje\u017adzie FZZ w Warszawie WZZPGWiO\u015a wszed\u0142 w sk\u0142ad Zarz\u0105du G\u0142\u00f3wnego Forum ZZ a<\/p>\n<p>nasza przewodnicz\u0105 Barbara Wronka zosta\u0142a cz\u0142onkiem Zarz\u0105du G\u0142\u00f3wnego Forum ZZ.<\/p>\n<p>Cz\u0142onkowie Prezydium brali udzia\u0142 w interwencji w PWiK w \u015awidnicy, gdzie przewodnicz\u0105cy tego Oddzia\u0142u zosta\u0142 zwolniony z pracy. W wyniku naszej interwencji i ponad dwuletnim procesie wyrokiem S\u0105du kol. Kazimierz Nawrot zosta\u0142 przywr\u00f3cony do pracy na wcze\u015bniej zajmowane stanowisko wraz z zaleg\u0142ym wynagrodzeniem jako form\u0105 odszkodowania.<\/p>\n<p>IV Krajowy Zjazd Delegat\u00f3w WZZPGWiO\u015a odby\u0142 si\u0119 16.09.2005r na kt\u00f3rym wybrano nowe w\u0142adze : przewodnicz\u0105c\u0105 zosta\u0142a Ewa Klekowicka a cz\u0142onkami Prezydium zostali : Anna<\/p>\n<p>Klitkowska ,Barbara Sitkiewicz, Jaros\u0142aw St\u0119pie\u0144, Karol Kowalczyk, Jerzy Kury\u015b, Bo\u017cena Bie\u0144ko. Przewodnicz\u0105ca wraz z cz\u0142onkami G\u0142\u00f3wnej Komisji Rewizyjnej bra\u0142a udzia\u0142 w wyje\u017adzie interwencyjnym w Wodoci\u0105gach Bia\u0142ostockich, gdzie to organizacja zak\u0142adowa wesz\u0142a w sp\u00f3r zbiorowy z pracodawc\u0105. Powodem konfliktu by\u0142y sprawy p\u0142acowe.<\/p>\n<p>Podczas trwania kadencji odby\u0142y si\u0119 trzy Zjazdy Nadzwyczajne Delegat\u00f3w naszego zwi\u0105zku w celu zmiany Statutu. Na VII\u00a0 Zje\u017adzie Nadzwyczajnym Delegat\u00f3w WZZPGWiO\u015a w dniu<\/p>\n<p>23.04.2009r zosta\u0142 zatwierdzony nowy Statut i zarejestrowany w dniu 17.07.2009r w S\u0105dzie Gospodarcz18275\/09\/056<\/p>\n<p>Przewodnicz\u0105ca Ewa Klekowicka w czasie kadencji ci\u0119\u017cko zachorowa\u0142a i niestety zmar\u0142a\u00a0 w 2010 roku. Do ko\u0144ca kadencji funkcj\u0119 przewodnicz\u0105cej w zast\u0119pstwie pe\u0142ni\u0142a Anna Klitkowska. W roku 2015 nasz zwi\u0105zek zawodowy sk\u0142ada\u0142 si\u0119 z 26 Oddzia\u0142\u00f3w zrzeszaj\u0105cych zwi\u0105zkowc\u00f3w bran\u017cy wodoci\u0105gowej, komunalnej i ochrony \u015brodowiska z ca\u0142ej Polski.<\/p>\n<p>VIII Krajowy Zjazd Delegat\u00f3w Wolnego Zwi\u0105zku Zawodowego Pracownik\u00f3w Gospodarki Wodnej i Ochrony \u015arodowiska odby\u0142 si\u0119 14.10.2010r. na kt\u00f3rym wybrano nowe w\u0142adze przewodnicz\u0105c\u0105 zosta\u0142a Anna Klitkowska a w sk\u0142ad Prezydium weszli: Bo\u017cena Bie\u0144ko, Karol Kowalczyk, Jerzy Kury\u015b, Tomasz Gromadzki, Roman Biskupski i Jerzy Poloczek.<\/p>\n<p>W 2013 roku dzi\u0119ki ofiarno\u015bci Oddzia\u0142\u00f3w Zarz\u0105d Krajowy dokona\u0142 zakupu sztandaru naszej organizacji . W dniu 17.10.2013 r na posiedzeniu Zarz\u0105du Krajowego WZZPGWiO\u015a sztandar zosta\u0142 po\u015bwi\u0119cony na uroczystej mszy \u015bw. w Bazylice w Niepokalanowie.<\/p>\n<p>IX Krajowy Zjazd Delegat\u00f3w WZZPGWiO\u015a odby\u0142 si\u0119 19.11.2015r. na kt\u00f3rym wybrano nowe w\u0142adze: przewodnicz\u0105c\u0105 zosta\u0142a Anna Klitkowska,\u00a0 a do Prezydium weszli: Bo\u017cena Bie\u0144ko, Roman Biskupski, Robert Jarota, Jerzy Kury\u015b, Jerzy Poloczek i Stanis\u0142aw Za\u0142\u0119czny.<\/p>\n<p>Od 2021 do czerwca 2023roku kadencj\u0119 jako przewodnicz\u0105cy WZZPGWiO\u015a sprawowa\u0142 Mariusz<\/p>\n<p>Tynecki , w-ce przewodnicz\u0105cym by\u0142 Robert Jarota, sekretarzem- Roman Biskupski, Skarbnikiem<\/p>\n<p>Stanis\u0142aw Za\u0142\u0119czny, sk\u0142ad Prezydium uzupe\u0142niali: Jerzy Poloczek, Maciej Nowikowski, Robert Eiding. W sk\u0142ad G\u0142\u00f3wnej Komisji Rewizyjnej wchodzili: Magdalena Daszkiewicz &#8211; Jankowska, Dorota \u015alipka, Dorota Ku\u0142ak, Tomasz Gromadzki, \u0141ukasz Malec.<\/p>\n<p>W listopadzie 2023r. Odby\u0142 si\u0119 Krajowy Zjazd Delegat\u00f3w WZZPGWIO\u015a. na kt\u00f3rym dokonano wybor\u00f3w nowych w\u0142adz zwi\u0105zku na kadencj\u0119 2023- 2028. Na Przewodnicz\u0105cego wybrany zosta\u0142<\/p>\n<p>Pan Robert Eiding,\u00a0 w-ce Przewodnicz\u0105cym zosta\u0142 Pan Andrzej Juszkiewicz, Sekretarzem Pan Tomasz Gromadzki, na Skarbnika wybrano Pani\u0105 Sylwie Gawlik, a na Cz\u0142onka Prezydium wybrano Pana Macieja Nowikowskiego.\u00a0<\/p>\n<p>Do G\u0142\u00f3wnej Komisji Rewizyjnej wybrano na Przewodnicz\u0105c\u0105 Pani\u0105 Dorot\u0119 Ku\u0142ak,\u00a0\u00a0\u00a0\u00a0\u00a0\u00a0\u00a0\u00a0\u00a0\u00a0\u00a0\u00a0\u00a0\u00a0\u00a0\u00a0\u00a0\u00a0\u00a0\u00a0\u00a0\u00a0\u00a0\u00a0\u00a0\u00a0\u00a0\u00a0\u00a0\u00a0\u00a0\u00a0\u00a0\u00a0\u00a0\u00a0\u00a0\u00a0 w-ce Przewodnicz\u0105cym zosta\u0142 Pan Krzysztof Hewusz, Cz\u0142onkiem Pan Dariusz Burniak.<\/p>\n<p>Podczas kadencji odby\u0142 si\u0119 Zjazd Nadzwyczajny Delegat\u00f3w naszego zwi\u0105zku w celu zmiany Statutu. Na Zje\u017adzie Nadzwyczajnym Delegat\u00f3w WZZPGWiO\u015a w dniu 04.04.2025r zosta\u0142<\/p>\n<p>zatwierdzony nowy Statut i zarejestrowany w dniu 22.07.2025r w S\u0104DZIE REJONOWYM W<\/p>\n<p>WARSZAWIE, WYDZIA\u0141 GOSPODARCZY KRAJOWEGO REJESTRU S\u0104DOWEGO<\/p>\n<p>Sygnatura sprawy: <strong>WA.XII NS-REJ.KRS\/047746\/24\/936 <\/strong>oraz\u00a0 w dniu 19 wrze\u015bnia 2025 zosta\u0142a zatwierdzona Nowa ORDYNACJA WYBORCZA.<\/p>\n<p>Obecnie nasz zwi\u0105zek zawodowy sk\u0142ada si\u0119 z 23 Oddzia\u0142\u00f3w zrzeszaj\u0105cych zwi\u0105zkowc\u00f3w bran\u017cy wodoci\u0105gowej, komunalnej i ochrony \u015brodowiska z ca\u0142ej Polski.<\/p>","protected":false},"excerpt":{"rendered":"<p>HISTORIA POWSTANIA WOLNEGO ZWI\u0104ZKU ZAWODOWEGO PRACOWNIK\u00d3W GOSPODARKI WODNEJ I OCHRONY \u015aRODOWISKA (WZZPGWiO\u015a). W czerwcu 1990 roku zwi\u0105zki zawodowe reprezentuj\u0105ce pracownik\u00f3w firm wodoci\u0105gowych, kanalizacyjnych i komunalnych wyst\u0105pi\u0142y z Og\u00f3lnopolskiej Federacji Zwi\u0105zk\u00f3w Zawodowych zrzeszonej w OPZZ i postanowi\u0142y utworzy\u0107 apolityczn\u0105 og\u00f3lnokrajow\u0105 organizacj\u0119 zwi\u0105zkow\u0105 w sferze gospodarki wodnej i ochrony \u015brodowiska. Na zebraniu Grup Za\u0142o\u017cycielskich w dniu 11&#8230;<\/p>\n","protected":false},"author":1,"featured_media":0,"parent":0,"menu_order":0,"comment_status":"closed","ping_status":"closed","template":"","meta":{"footnotes":""},"class_list":["post-26","page","type-page","status-publish","hentry"],"_links":{"self":[{"href":"https:\/\/wzzpgwios.pl\/index.php?rest_route=\/wp\/v2\/pages\/26","targetHints":{"allow":["GET"]}}],"collection":[{"href":"https:\/\/wzzpgwios.pl\/index.php?rest_route=\/wp\/v2\/pages"}],"about":[{"href":"https:\/\/wzzpgwios.pl\/index.php?rest_route=\/wp\/v2\/types\/page"}],"author":[{"embeddable":true,"href":"https:\/\/wzzpgwios.pl\/index.php?rest_route=\/wp\/v2\/users\/1"}],"replies":[{"embeddable":true,"href":"https:\/\/wzzpgwios.pl\/index.php?rest_route=%2Fwp%2Fv2%2Fcomments&post=26"}],"version-history":[{"count":8,"href":"https:\/\/wzzpgwios.pl\/index.php?rest_route=\/wp\/v2\/pages\/26\/revisions"}],"predecessor-version":[{"id":326,"href":"https:\/\/wzzpgwios.pl\/index.php?rest_route=\/wp\/v2\/pages\/26\/revisions\/326"}],"wp:attachment":[{"href":"https:\/\/wzzpgwios.pl\/index.php?rest_route=%2Fwp%2Fv2%2Fmedia&parent=26"}],"curies":[{"name":"wp","href":"https:\/\/api.w.org\/{rel}","templated":true}]}}