{"id":24,"date":"2022-10-04T11:47:32","date_gmt":"2022-10-04T09:47:32","guid":{"rendered":"http:\/\/wzzpgwios.pl\/?page_id=24"},"modified":"2025-12-30T08:44:31","modified_gmt":"2025-12-30T07:44:31","slug":"akty-prawne","status":"publish","type":"page","link":"https:\/\/wzzpgwios.pl\/?page_id=24","title":{"rendered":"Akty prawne"},"content":{"rendered":"\n<a target=\"_blank\" href=\"https:\/\/wzzpgwios.pl\/wp-content\/uploads\/2025\/10\/aktualny-25.11.2024_KRS_0000188396.pdf\" rel=\"noopener\"><span style=\"color:#800000 \">Centralna Informacja Krajowego Rejestru S\u0105dowego<\/span><\/a>\n\n\n\n<br><a target=\"_blank\" href=\"https:\/\/wzzpgwios.pl\/wp-content\/uploads\/2025\/10\/ordynacja-wyborcza-WZZPGWiOS-19.09.2025.pdf\" rel=\"noopener\"><span style=\"color:#800000 \">Ordynacja Wyborcza<\/span><\/a>\n\n\n\n<br><a target=\"_blank\" href=\"https:\/\/wzzpgwios.pl\/wp-content\/uploads\/2025\/10\/STATUT-WZZPGWiOS.pdf\" rel=\"noopener\"><span style=\"color:#800000 \">Aktualny Statut<\/span><\/a>\n\n\n\n<br><a target=\"_blank\" href=\"https:\/\/wzzpgwios.pl\/wp-content\/uploads\/2025\/10\/Ustawa-o-ZZ-t.j.-2025.pdf\" rel=\"noopener\"><span style=\"color:#800000 \">Ustawa o Zwi\u0105zkach Zawodowych<\/span><\/a>\n\n\n\n<br><a target=\"_blank\" href=\"https:\/\/wzzpgwios.pl\/wp-content\/uploads\/2025\/10\/Regulamin-GKR.pdf\" rel=\"noopener\"><span style=\"color:#800000 \">Regulamin GKR<\/span><\/a>\n\n\n\n<br><a target=\"_blank\" href=\"https:\/\/wzzpgwios.pl\/wp-content\/uploads\/2025\/12\/Procedura-GKR-2025-rozstrzyganie-sporow_251226_160207.pdf\" rel=\"noopener\"><span style=\"color:#800000 \">Procedura Rozstrzygania Spor\u00f3w w Oddzia\u0142owych Komisjach Rewizyjnych<\/span><\/a>\n\n\n\n<p><\/p>\n","protected":false},"excerpt":{"rendered":"<p>Centralna Informacja Krajowego Rejestru S\u0105dowego Ordynacja Wyborcza Aktualny Statut Ustawa o Zwi\u0105zkach Zawodowych Regulamin GKR Procedura Rozstrzygania Spor\u00f3w w Oddzia\u0142owych Komisjach Rewizyjnych<\/p>\n","protected":false},"author":1,"featured_media":0,"parent":0,"menu_order":0,"comment_status":"closed","ping_status":"closed","template":"","meta":{"footnotes":""},"class_list":["post-24","page","type-page","status-publish","hentry"],"_links":{"self":[{"href":"https:\/\/wzzpgwios.pl\/index.php?rest_route=\/wp\/v2\/pages\/24","targetHints":{"allow":["GET"]}}],"collection":[{"href":"https:\/\/wzzpgwios.pl\/index.php?rest_route=\/wp\/v2\/pages"}],"about":[{"href":"https:\/\/wzzpgwios.pl\/index.php?rest_route=\/wp\/v2\/types\/page"}],"author":[{"embeddable":true,"href":"https:\/\/wzzpgwios.pl\/index.php?rest_route=\/wp\/v2\/users\/1"}],"replies":[{"embeddable":true,"href":"https:\/\/wzzpgwios.pl\/index.php?rest_route=%2Fwp%2Fv2%2Fcomments&post=24"}],"version-history":[{"count":17,"href":"https:\/\/wzzpgwios.pl\/index.php?rest_route=\/wp\/v2\/pages\/24\/revisions"}],"predecessor-version":[{"id":334,"href":"https:\/\/wzzpgwios.pl\/index.php?rest_route=\/wp\/v2\/pages\/24\/revisions\/334"}],"wp:attachment":[{"href":"https:\/\/wzzpgwios.pl\/index.php?rest_route=%2Fwp%2Fv2%2Fmedia&parent=24"}],"curies":[{"name":"wp","href":"https:\/\/api.w.org\/{rel}","templated":true}]}}