{"id":193,"date":"2022-11-03T17:05:48","date_gmt":"2022-11-03T16:05:48","guid":{"rendered":"https:\/\/wzzpgwios.pl\/?page_id=193"},"modified":"2025-10-19T11:30:18","modified_gmt":"2025-10-19T09:30:18","slug":"odzialy-wzz","status":"publish","type":"page","link":"https:\/\/wzzpgwios.pl\/?page_id=193","title":{"rendered":"Oddzia\u0142y WZZPGWIO\u015a"},"content":{"rendered":"\n<ul class=\"wp-block-list\">\n<li>ODDZIA\u0141 BIA\u0141YSTOK<\/li>\n\n\n\n<li>ODDZIA\u0141 BIELSKO-BIA\u0141A<\/li>\n\n\n\n<li>ODDZIA\u0141 GDYNIA<\/li>\n\n\n\n<li>ODDZIA\u0141 E\u0141K<\/li>\n\n\n\n<li>ODDZIA\u0141 G\u00d3RA KALWARIA<\/li>\n\n\n\n<li>ODDZIA\u0141 G\u0141OG\u00d3W<\/li>\n\n\n\n<li>ODDZIA\u0141 LIDZBARK WARMI\u0143SKI<\/li>\n\n\n\n<li>ODDZIA\u0141 M\u0141AWA<\/li>\n\n\n\n<li>ODDZIA\u0141 O\u015aWI\u0118CIM <\/li>\n\n\n\n<li>ODDZIA\u0141 OSTROWIEC \u015aWI\u0118TOKRZYSKI<\/li>\n\n\n\n<li>ODDZIA\u0141 ORNETA<\/li>\n\n\n\n<li>ODDZIA\u0141 POZNA\u0143<\/li>\n\n\n\n<li>ODDZIA\u0141 P\u0141OCK<\/li>\n\n\n\n<li>ODDZIA\u0141 PRZECIESZ\u00d3W<\/li>\n\n\n\n<li>ODDZIA\u0141 SUWA\u0141KI<\/li>\n\n\n\n<li>ODDZIA\u0141 SZCZECIN<\/li>\n\n\n\n<li>ODDZIA\u0141 SZCZYTNO<\/li>\n\n\n\n<li>ODDZIA\u0141 STARACHOWICE<\/li>\n\n\n\n<li>ODDZIA\u0141 STRZEGOM<\/li>\n\n\n\n<li>ODDZIA\u0141 USTRO\u0143<\/li>\n\n\n\n<li>ODDZIA\u0141 WARSZAWA<\/li>\n\n\n\n<li>ODDZIA\u0141 ZATOR<\/li>\n\n\n\n<li>ODDZIA\u0141 WADOWICE<\/li>\n<\/ul>\n\n\n\n<p><\/p>\n\n\n\n<p><\/p>\n\n\n\n<p><\/p>\n","protected":false},"excerpt":{"rendered":"","protected":false},"author":1,"featured_media":0,"parent":0,"menu_order":0,"comment_status":"closed","ping_status":"closed","template":"","meta":{"footnotes":""},"class_list":["post-193","page","type-page","status-publish","hentry"],"_links":{"self":[{"href":"https:\/\/wzzpgwios.pl\/index.php?rest_route=\/wp\/v2\/pages\/193","targetHints":{"allow":["GET"]}}],"collection":[{"href":"https:\/\/wzzpgwios.pl\/index.php?rest_route=\/wp\/v2\/pages"}],"about":[{"href":"https:\/\/wzzpgwios.pl\/index.php?rest_route=\/wp\/v2\/types\/page"}],"author":[{"embeddable":true,"href":"https:\/\/wzzpgwios.pl\/index.php?rest_route=\/wp\/v2\/users\/1"}],"replies":[{"embeddable":true,"href":"https:\/\/wzzpgwios.pl\/index.php?rest_route=%2Fwp%2Fv2%2Fcomments&post=193"}],"version-history":[{"count":8,"href":"https:\/\/wzzpgwios.pl\/index.php?rest_route=\/wp\/v2\/pages\/193\/revisions"}],"predecessor-version":[{"id":327,"href":"https:\/\/wzzpgwios.pl\/index.php?rest_route=\/wp\/v2\/pages\/193\/revisions\/327"}],"wp:attachment":[{"href":"https:\/\/wzzpgwios.pl\/index.php?rest_route=%2Fwp%2Fv2%2Fmedia&parent=193"}],"curies":[{"name":"wp","href":"https:\/\/api.w.org\/{rel}","templated":true}]}}